{"id":405,"date":"2024-08-21T11:10:00","date_gmt":"2024-08-21T11:10:00","guid":{"rendered":"https:\/\/www.deine-wohnfabrik.de\/?page_id=405"},"modified":"2025-05-05T08:20:27","modified_gmt":"2025-05-05T08:20:27","slug":"impressum","status":"publish","type":"page","link":"https:\/\/www.deine-wohnfabrik.de\/?page_id=405","title":{"rendered":"Impressum"},"content":{"rendered":"<p>[et_pb_section fb_built=&#8220;1&#8243; admin_label=&#8220;section&#8220; _builder_version=&#8220;4.27.0&#8243; background_color=&#8220;RGBA(255,255,255,0)&#8220; global_colors_info=&#8220;{}&#8220;][et_pb_row admin_label=&#8220;row&#8220; _builder_version=&#8220;4.16&#8243; background_size=&#8220;initial&#8220; background_position=&#8220;top_left&#8220; background_repeat=&#8220;repeat&#8220; global_colors_info=&#8220;{}&#8220;][et_pb_column type=&#8220;4_4&#8243; _builder_version=&#8220;4.16&#8243; custom_padding=&#8220;|||&#8220; global_colors_info=&#8220;{}&#8220; custom_padding__hover=&#8220;|||&#8220;][et_pb_text admin_label=&#8220;Text&#8220; _builder_version=&#8220;4.27.2&#8243; text_text_color=&#8220;#FFFFFF&#8220; text_font_size=&#8220;1rem&#8220; header_font=&#8220;|||on|||||&#8220; header_text_color=&#8220;#FFFFFF&#8220; header_font_size=&#8220;4rem&#8220; background_size=&#8220;initial&#8220; background_position=&#8220;top_left&#8220; background_repeat=&#8220;repeat&#8220; header_font_size_tablet=&#8220;4rem&#8220; header_font_size_phone=&#8220;2.5rem&#8220; header_font_size_last_edited=&#8220;on|desktop&#8220; global_colors_info=&#8220;{}&#8220;]<!-- divi:heading {\"level\":1} --><\/p>\n<h1 class=\"wp-block-heading\">Impressum<\/h1>\n<p>&nbsp;<\/p>\n<p><strong>Showroom &amp; Verkauf nur hier:<\/strong><br \/><strong>Deine WOHNFABRIK<\/strong><br \/>Sch\u00fctzenstr. 3<br \/>96279 Weidhausen<\/p>\n<p>&nbsp;<\/p>\n<p>Betrieben von:<br \/>Singuway GmbH<br \/>Rothgasse 30<br \/>96242 Sonnefeld<\/p>\n<p>Tel: 09562\/3818646<br \/>Mail: <a href=\"mailto:info@deine-wohnfabrik.de\">info@deine-wohnfabrik.de<\/a><\/p>\n<p><strong>\u00d6ffnungszeiten:<\/strong><br \/>Montag: geschlossen<br \/>Dienstag-Freitag: 10.00-18:30 Uhr<br \/>Samstag: 9:30 &#8211; 16.00 Uhr<br \/>Sonntag: geschlossen<\/p>\n<p>USt-ID: DE357507414<br \/>AG Coburg: HRB 6997<br \/>Gerichtsstand: 96450 Coburg<br \/>Gesch\u00e4ftsf\u00fchrer: Andreas Marr<\/p>\n<p>&nbsp;<\/p>\n<p>\u00a0<em style=\"font-size: 16px;\">Die Europ\u00e4ische Kommission stellt eine Plattform zur Online-Streitbeilegung (OS) bereit. Die Plattform finden Sie unter\u00a0<a href=\"http:\/\/ec.europa.eu\/consumers\/odr\/\" rel=\"noreferrer noopener\" target=\"_blank\">http:\/\/ec.europa.eu\/consumers\/odr\/<\/a><\/em><\/p>\n<p>&nbsp;<\/p>\n<p>&nbsp;<\/p>\n<p>&nbsp;<\/p>\n<p>&nbsp;<\/p>\n<p><!-- divi:paragraph --><\/p>\n<p>Web-Analyse<\/p>\n<p>&nbsp;<\/p>\n<p>&nbsp;<\/p>\n<p><!-- divi:paragraph --><\/p>\n<p>Diese Website benutzt Google Analytics, einen Webanalysedienst der Google Inc. (\u201eGoogle\u201c). Google Analytics verwendet sog. \u201eCookies\u201c, Textdateien, die auf Ihrem Computer gespeichert werden und die eine Analyse der Benutzung der Website durch Sie erm\u00f6glichen. Die durch den Cookie erzeugten Informationen \u00fcber Ihre Benutzung dieser Website werden in der Regel an einen Server von Google in den USA \u00fcbertragen und dort gespeichert. Im Falle der Aktivierung der IP-Anonymisierung auf dieser Webseite, wird Ihre IP-Adresse von Google jedoch innerhalb von Mitgliedstaaten der Europ\u00e4ischen Union oder in anderen Vertragsstaaten des Abkommens \u00fcber den Europ\u00e4ischen Wirtschaftsraum zuvor gek\u00fcrzt. Nur in Ausnahmef\u00e4llen wird die volle IP-Adresse an einen Server von Google in den USA \u00fcbertragen und dort gek\u00fcrzt. Im Auftrag des Betreibers dieser Website wird Google diese Informationen benutzen, um Ihre Nutzung der Website auszuwerten, um Reports \u00fcber die Websiteaktivit\u00e4ten zusammenzustellen und um weitere mit der Websitenutzung und der Internetnutzung verbundene Dienstleistungen gegen\u00fcber dem Websitebetreiber zu erbringen. Die im Rahmen von Google Analytics von Ihrem Browser \u00fcbermittelte IP-Adresse wird nicht mit anderen Daten von Google zusammengef\u00fchrt. Sie k\u00f6nnen die Speicherung der Cookies durch eine entsprechende Einstellung Ihrer Browser-Software verhindern; wir weisen Sie jedoch darauf hin, dass Sie in diesem Fall gegebenenfalls nicht s\u00e4mtliche Funktionen dieser Website vollumf\u00e4nglich werden nutzen k\u00f6nnen. Sie k\u00f6nnen dar\u00fcber hinaus die Erfassung der durch das Cookie erzeugten und auf Ihre Nutzung der Website bezogenen Daten (inkl. Ihrer IP-Adresse) an Google sowie die Verarbeitung dieser Daten durch Google verhindern, indem sie das unter dem folgenden\u00a0<a href=\"https:\/\/tools.google.com\/dlpage\/gaoptout?hl=de\" rel=\"noreferrer noopener\" target=\"_blank\">Link<\/a>\u00a0verf\u00fcgbare Browser-Plugin herunterladen und installieren.<\/p>\n<p>&nbsp;<\/p>\n<p>&nbsp;<\/p>\n<p><!-- divi:paragraph --><\/p>\n<p>Webmaster:\u00a0<a href=\"mailto:ck@avissimo.com\">ck@avissimo.com<\/a> (keine Verarbeitung von Kundenanfragen)<\/p>\n<p>&nbsp;<\/p>\n<p><strong>Externe Links<br \/><\/strong>Alle Links auf externe Seiten wurden von uns bei Erstellung der Seite sorgf\u00e4ltig gepr\u00fcft. M\u00f6gliche Rechtsverst\u00f6\u00dfe waren zum Zeitpunkt der Verlinkung nicht erkennbar. Allerdings haben wir keinen Einfluss auf die Inhalte verlinkter Seiten, hierf\u00fcr ist der jeweilige Dienstanbieter verantwortlich. Sollten rechtswidrige Seiten \u00fcber die Hyperlinks abrufbar sein, bitten wir um eine kurze Mitteilung. Wir werden dies dann \u00fcberpr\u00fcfen und die Links ggf. entfernen.<strong><\/strong><\/p>\n<p><strong>Kundendienst<\/strong><\/p>\n<p>Sie erreichen unseren Kundendienst f\u00fcr Fragen Reklamationen und Beanstandungen unter Telefon: +49 9562 3818680 sowie per Email unter info (at) avissimo.com. F\u00fcr Anfragen k\u00f6nnen Sie auch das Kontaktformular auf unserer Internetseite nutzen.<\/p>\n<p><strong>Disclaimer<\/strong><br \/>Bei direkten oder indirekten Verweisen auf fremde Webseiten (&#8222;Hyperlinks&#8220;), die au\u00dferhalb des Verantwortungsbereiches des Autors liegen, w\u00fcrde eine Haftungsverpflichtung ausschlie\u00dflich in dem Fall in Kraft treten, in dem der Autor von den Inhalten Kenntnis hat und es ihm technisch m\u00f6glich und zumutbar w\u00e4re, die Nutzung im Falle rechtswidriger Inhalte zu verhindern. Der Autor erkl\u00e4rt hiermit ausdr\u00fccklich, dass zum Zeitpunkt der Linksetzung keine illegalen Inhalte auf den zu verlinkenden Seiten erkennbar waren. Auf die aktuelle und zuk\u00fcnftige Gestaltung, die Inhalte oder die Urheberschaft der verlinkten\/verkn\u00fcpften Seiten hat der Autor keinerlei Einfluss. Deshalb distanziert er sich hiermit ausdr\u00fccklich von allen Inhalten aller verlinkten \/verkn\u00fcpften Seiten, die nach der Linksetzung ver\u00e4ndert wurden. Diese Feststellung gilt f\u00fcr alle innerhalb des eigenen Internetangebotes gesetzten Links und Verweise sowie f\u00fcr Fremdeintr\u00e4ge in vom Autor eingerichteten G\u00e4steb\u00fcchern, Diskussionsforen, Linkverzeichnissen, Mailinglisten und in allen anderen Formen von Datenbanken, auf deren Inhalt externe Schreibzugriffe m\u00f6glich sind. F\u00fcr illegale, fehlerhafte oder unvollst\u00e4ndige Inhalte und insbesondere f\u00fcr Sch\u00e4den, die aus der Nutzung oder Nichtnutzung solcherart dargebotener Informationen entstehen, haftet allein der Anbieter der Seite, auf welche verwiesen wurde, nicht derjenige, der \u00fcber Links auf die jeweilige Ver\u00f6ffentlichung lediglich verweist.<\/p>\n<p><strong>Urheber- und Kennzeichenrecht<br \/><\/strong>Der Autor ist bestrebt, in allen Publikationen die Urheberrechte der verwendeten Bilder, Grafiken, Tondokumente, Videosequenzen und Texte zu beachten, von ihm selbst erstellte Bilder, Grafiken, Tondokumente, Videosequenzen und Texte zu nutzen oder auf lizenzfreie Grafiken, Tondokumente, Videosequenzen und Texte zur\u00fcckzugreifen. Alle innerhalb des Internetangebotes genannten und ggf. durch Dritte gesch\u00fctzten Marken- und Warenzeichen unterliegen uneingeschr\u00e4nkt den Bestimmungen des jeweils g\u00fcltigen Kennzeichenrechts und den Besitzrechten der jeweiligen eingetragenen Eigent\u00fcmer. Allein aufgrund der blo\u00dfen Nennung ist nicht der Schluss zu ziehen, dass Markenzeichen nicht durch Rechte Dritter gesch\u00fctzt sind! Das Copyright f\u00fcr ver\u00f6ffentlichte, vom Autor selbst erstellte Objekte bleibt allein beim Autor der Seiten. Eine Vervielf\u00e4ltigung oder Verwendung solcher Grafiken, Tondokumente, Videosequenzen und Texte in anderen elektronischen oder gedruckten Publikationen ist ohne ausdr\u00fcckliche Zustimmung des Autors nicht gestattet.<\/p>\n<p><strong>Inhaltlich verantwortlich gem\u00e4\u00df \u00a7 5 TMG ist Andreas Marr, Kontaktdaten siehe oben.<\/strong><\/p>\n<p><strong> <\/strong><\/p>\n<p><strong><\/strong><strong>Bankverbindung<\/strong><br \/>Diese teilen wir Ihnen in der Rechnung oder Auftragsbest\u00e4tigung mit.<\/p>\n<p>&nbsp;<\/p>\n<p>&nbsp;<\/p>\n<p>&nbsp;<\/p>\n<p>&nbsp;<\/p>\n<p>&nbsp;<\/p>\n<p>&nbsp;<\/p>\n<p>&nbsp;<\/p>\n<p>&nbsp;<\/p>\n<p><!-- \/divi:paragraph -->[\/et_pb_text][\/et_pb_column][\/et_pb_row][\/et_pb_section]<\/p>\n","protected":false},"excerpt":{"rendered":"<p>Impressum &nbsp; Showroom &amp; Verkauf nur hier:Deine WOHNFABRIKSch\u00fctzenstr. 396279 Weidhausen &nbsp; Betrieben von:Singuway GmbHRothgasse 3096242 Sonnefeld Tel: 09562\/3818646Mail: info@deine-wohnfabrik.de \u00d6ffnungszeiten:Montag: geschlossenDienstag-Freitag: 10.00-18:30 UhrSamstag: 9:30 &#8211; 16.00 UhrSonntag: geschlossen USt-ID: DE357507414AG Coburg: HRB 6997Gerichtsstand: 96450 CoburgGesch\u00e4ftsf\u00fchrer: Andreas Marr &nbsp; \u00a0Die Europ\u00e4ische Kommission stellt eine Plattform zur Online-Streitbeilegung (OS) bereit. Die Plattform finden Sie unter\u00a0http:\/\/ec.europa.eu\/consumers\/odr\/ &nbsp; &nbsp; [&hellip;]<\/p>\n","protected":false},"author":1,"featured_media":0,"parent":0,"menu_order":0,"comment_status":"closed","ping_status":"closed","template":"","meta":{"_et_pb_use_builder":"on","_et_pb_old_content":"<!-- wp:heading {\"level\":1} -->\n<h1 class=\"wp-block-heading\">Impressum<\/h1>\n<!-- \/wp:heading -->\n\n<!-- wp:paragraph -->\n<p><strong>Deine Wohnfabrik<br><\/strong>Sch\u00fctzenstr. 3<br>96279 Weidhausen<br>Tel: 123456789<br>Mail: info@deinewohnfabrik.de<\/p>\n<!-- \/wp:paragraph -->\n\n<!-- wp:paragraph -->\n<p>UID: DE357507414<br>AG Coburg: HRB 6997<br>Gerichtsstand: 96450 Coburg<br>Gesch\u00e4ftsf\u00fchrer: Andreas Marr<\/p>\n<!-- \/wp:paragraph -->\n\n<!-- wp:paragraph -->\n<p><em>Die Europ\u00e4ische Kommission stellt eine Plattform zur Online-Streitbeilegung (OS) bereit. Die Plattform finden Sie unter&nbsp;<a href=\"http:\/\/ec.europa.eu\/consumers\/odr\/\" rel=\"noreferrer noopener\" target=\"_blank\">http:\/\/ec.europa.eu\/consumers\/odr\/<\/a><\/em><\/p>\n<!-- \/wp:paragraph -->\n\n<!-- wp:paragraph -->\n<p>Web-Analyse<\/p>\n<!-- \/wp:paragraph -->\n\n<!-- wp:paragraph -->\n<p>Diese Website benutzt Google Analytics, einen Webanalysedienst der Google Inc. (\u201eGoogle\u201c). Google Analytics verwendet sog. \u201eCookies\u201c, Textdateien, die auf Ihrem Computer gespeichert werden und die eine Analyse der Benutzung der Website durch Sie erm\u00f6glichen. Die durch den Cookie erzeugten Informationen \u00fcber Ihre Benutzung dieser Website werden in der Regel an einen Server von Google in den USA \u00fcbertragen und dort gespeichert. Im Falle der Aktivierung der IP-Anonymisierung auf dieser Webseite, wird Ihre IP-Adresse von Google jedoch innerhalb von Mitgliedstaaten der Europ\u00e4ischen Union oder in anderen Vertragsstaaten des Abkommens \u00fcber den Europ\u00e4ischen Wirtschaftsraum zuvor gek\u00fcrzt. Nur in Ausnahmef\u00e4llen wird die volle IP-Adresse an einen Server von Google in den USA \u00fcbertragen und dort gek\u00fcrzt. Im Auftrag des Betreibers dieser Website wird Google diese Informationen benutzen, um Ihre Nutzung der Website auszuwerten, um Reports \u00fcber die Websiteaktivit\u00e4ten zusammenzustellen und um weitere mit der Websitenutzung und der Internetnutzung verbundene Dienstleistungen gegen\u00fcber dem Websitebetreiber zu erbringen. Die im Rahmen von Google Analytics von Ihrem Browser \u00fcbermittelte IP-Adresse wird nicht mit anderen Daten von Google zusammengef\u00fchrt. Sie k\u00f6nnen die Speicherung der Cookies durch eine entsprechende Einstellung Ihrer Browser-Software verhindern; wir weisen Sie jedoch darauf hin, dass Sie in diesem Fall gegebenenfalls nicht s\u00e4mtliche Funktionen dieser Website vollumf\u00e4nglich werden nutzen k\u00f6nnen. Sie k\u00f6nnen dar\u00fcber hinaus die Erfassung der durch das Cookie erzeugten und auf Ihre Nutzung der Website bezogenen Daten (inkl. Ihrer IP-Adresse) an Google sowie die Verarbeitung dieser Daten durch Google verhindern, indem sie das unter dem folgenden&nbsp;<a href=\"https:\/\/tools.google.com\/dlpage\/gaoptout?hl=de\" rel=\"noreferrer noopener\" target=\"_blank\">Link<\/a>&nbsp;verf\u00fcgbare Browser-Plugin herunterladen und installieren.<\/p>\n<!-- \/wp:paragraph -->\n\n<!-- wp:paragraph -->\n<p>Webmaster:\u00a0<a href=\"mailto:ck@avissimo.com\">ck@avissimo.com<\/a>\u00a0(keine Verarbeitung von Kundenanfragen)<br><br><br><strong>Externe Links<br><\/strong>Alle Links auf externe Seiten wurden von uns bei Erstellung der Seite sorgf\u00e4ltig gepr\u00fcft. M\u00f6gliche Rechtsverst\u00f6\u00dfe waren zum Zeitpunkt der Verlinkung nicht erkennbar. Allerdings haben wir keinen Einfluss auf die Inhalte verlinkter Seiten, hierf\u00fcr ist der jeweilige Dienstanbieter verantwortlich. Sollten rechtswidrige Seiten \u00fcber die Hyperlinks abrufbar sein, bitten wir um eine kurze Mitteilung. Wir werden dies dann \u00fcberpr\u00fcfen und die Links ggf. entfernen.<strong><br><br>Kundendienst<br><\/strong>Sie erreichen unseren Kundendienst f\u00fcr Fragen Reklamationen und Beanstandungen unter Telefon: +49 9562 3818680 sowie per Email unter info (at) avissimo.com. F\u00fcr Anfragen k\u00f6nnen Sie auch das Kontaktformular auf unserer Internetseite nutzen.<br><br><strong>Disclaimer<\/strong><br>Bei direkten oder indirekten Verweisen auf fremde Webseiten (\"Hyperlinks\"), die au\u00dferhalb des Verantwortungsbereiches des Autors liegen, w\u00fcrde eine Haftungsverpflichtung ausschlie\u00dflich in dem Fall in Kraft treten, in dem der Autor von den Inhalten Kenntnis hat und es ihm technisch m\u00f6glich und zumutbar w\u00e4re, die Nutzung im Falle rechtswidriger Inhalte zu verhindern. Der Autor erkl\u00e4rt hiermit ausdr\u00fccklich, dass zum Zeitpunkt der Linksetzung keine illegalen Inhalte auf den zu verlinkenden Seiten erkennbar waren. Auf die aktuelle und zuk\u00fcnftige Gestaltung, die Inhalte oder die Urheberschaft der verlinkten\/verkn\u00fcpften Seiten hat der Autor keinerlei Einfluss. Deshalb distanziert er sich hiermit ausdr\u00fccklich von allen Inhalten aller verlinkten \/verkn\u00fcpften Seiten, die nach der Linksetzung ver\u00e4ndert wurden. Diese Feststellung gilt f\u00fcr alle innerhalb des eigenen Internetangebotes gesetzten Links und Verweise sowie f\u00fcr Fremdeintr\u00e4ge in vom Autor eingerichteten G\u00e4steb\u00fcchern, Diskussionsforen, Linkverzeichnissen, Mailinglisten und in allen anderen Formen von Datenbanken, auf deren Inhalt externe Schreibzugriffe m\u00f6glich sind. F\u00fcr illegale, fehlerhafte oder unvollst\u00e4ndige Inhalte und insbesondere f\u00fcr Sch\u00e4den, die aus der Nutzung oder Nichtnutzung solcherart dargebotener Informationen entstehen, haftet allein der Anbieter der Seite, auf welche verwiesen wurde, nicht derjenige, der \u00fcber Links auf die jeweilige Ver\u00f6ffentlichung lediglich verweist.<br><br><strong>Urheber- und Kennzeichenrecht<br><\/strong>Der Autor ist bestrebt, in allen Publikationen die Urheberrechte der verwendeten Bilder, Grafiken, Tondokumente, Videosequenzen und Texte zu beachten, von ihm selbst erstellte Bilder, Grafiken, Tondokumente, Videosequenzen und Texte zu nutzen oder auf lizenzfreie Grafiken, Tondokumente, Videosequenzen und Texte zur\u00fcckzugreifen. Alle innerhalb des Internetangebotes genannten und ggf. durch Dritte gesch\u00fctzten Marken- und Warenzeichen unterliegen uneingeschr\u00e4nkt den Bestimmungen des jeweils g\u00fcltigen Kennzeichenrechts und den Besitzrechten der jeweiligen eingetragenen Eigent\u00fcmer. Allein aufgrund der blo\u00dfen Nennung ist nicht der Schluss zu ziehen, dass Markenzeichen nicht durch Rechte Dritter gesch\u00fctzt sind! Das Copyright f\u00fcr ver\u00f6ffentlichte, vom Autor selbst erstellte Objekte bleibt allein beim Autor der Seiten. Eine Vervielf\u00e4ltigung oder Verwendung solcher Grafiken, Tondokumente, Videosequenzen und Texte in anderen elektronischen oder gedruckten Publikationen ist ohne ausdr\u00fcckliche Zustimmung des Autors nicht gestattet.<br><br><strong>Inhaltlich verantwortlich gem\u00e4\u00df \u00a7 5 TMG ist Andreas Marr, Kontaktdaten siehe oben.<br><br><\/strong><strong>Bankverbindung<\/strong><br>Diese teilen wir Ihnen in der Rechnung oder Auftragsbest\u00e4tigung mit<\/p>\n<!-- \/wp:paragraph -->","_et_gb_content_width":"","footnotes":""},"class_list":["post-405","page","type-page","status-publish","hentry"],"yoast_head":"<!-- This site is optimized with the Yoast SEO plugin v26.9 - https:\/\/yoast.com\/product\/yoast-seo-wordpress\/ -->\n<title>Impressum - Deine Wohnfabrik<\/title>\n<meta name=\"robots\" content=\"index, follow, max-snippet:-1, max-image-preview:large, max-video-preview:-1\" \/>\n<link rel=\"canonical\" href=\"https:\/\/www.deine-wohnfabrik.de\/?page_id=405\" \/>\n<meta property=\"og:locale\" content=\"de_DE\" \/>\n<meta property=\"og:type\" content=\"article\" \/>\n<meta property=\"og:title\" content=\"Impressum - Deine Wohnfabrik\" \/>\n<meta property=\"og:description\" content=\"Impressum &nbsp; Showroom &amp; Verkauf nur hier:Deine WOHNFABRIKSch\u00fctzenstr. 396279 Weidhausen &nbsp; Betrieben von:Singuway GmbHRothgasse 3096242 Sonnefeld Tel: 09562\/3818646Mail: info@deine-wohnfabrik.de \u00d6ffnungszeiten:Montag: geschlossenDienstag-Freitag: 10.00-18:30 UhrSamstag: 9:30 - 16.00 UhrSonntag: geschlossen USt-ID: DE357507414AG Coburg: HRB 6997Gerichtsstand: 96450 CoburgGesch\u00e4ftsf\u00fchrer: Andreas Marr &nbsp; \u00a0Die Europ\u00e4ische Kommission stellt eine Plattform zur Online-Streitbeilegung (OS) bereit. Die Plattform finden Sie unter\u00a0http:\/\/ec.europa.eu\/consumers\/odr\/ &nbsp; &nbsp; [&hellip;]\" \/>\n<meta property=\"og:url\" content=\"https:\/\/www.deine-wohnfabrik.de\/?page_id=405\" \/>\n<meta property=\"og:site_name\" content=\"Deine Wohnfabrik\" \/>\n<meta property=\"article:modified_time\" content=\"2025-05-05T08:20:27+00:00\" \/>\n<meta name=\"twitter:card\" content=\"summary_large_image\" \/>\n<meta name=\"twitter:label1\" content=\"Gesch\u00e4tzte Lesezeit\" \/>\n\t<meta name=\"twitter:data1\" content=\"5\u00a0Minuten\" \/>\n<script type=\"application\/ld+json\" class=\"yoast-schema-graph\">{\"@context\":\"https:\/\/schema.org\",\"@graph\":[{\"@type\":\"WebPage\",\"@id\":\"https:\/\/www.deine-wohnfabrik.de\/?page_id=405\",\"url\":\"https:\/\/www.deine-wohnfabrik.de\/?page_id=405\",\"name\":\"Impressum - Deine Wohnfabrik\",\"isPartOf\":{\"@id\":\"https:\/\/www.deine-wohnfabrik.de\/#website\"},\"datePublished\":\"2024-08-21T11:10:00+00:00\",\"dateModified\":\"2025-05-05T08:20:27+00:00\",\"breadcrumb\":{\"@id\":\"https:\/\/www.deine-wohnfabrik.de\/?page_id=405#breadcrumb\"},\"inLanguage\":\"de\",\"potentialAction\":[{\"@type\":\"ReadAction\",\"target\":[\"https:\/\/www.deine-wohnfabrik.de\/?page_id=405\"]}]},{\"@type\":\"BreadcrumbList\",\"@id\":\"https:\/\/www.deine-wohnfabrik.de\/?page_id=405#breadcrumb\",\"itemListElement\":[{\"@type\":\"ListItem\",\"position\":1,\"name\":\"Startseite\",\"item\":\"https:\/\/www.deine-wohnfabrik.de\/\"},{\"@type\":\"ListItem\",\"position\":2,\"name\":\"Impressum\"}]},{\"@type\":\"WebSite\",\"@id\":\"https:\/\/www.deine-wohnfabrik.de\/#website\",\"url\":\"https:\/\/www.deine-wohnfabrik.de\/\",\"name\":\"Deine Wohnfabrik\",\"description\":\"\",\"potentialAction\":[{\"@type\":\"SearchAction\",\"target\":{\"@type\":\"EntryPoint\",\"urlTemplate\":\"https:\/\/www.deine-wohnfabrik.de\/?s={search_term_string}\"},\"query-input\":{\"@type\":\"PropertyValueSpecification\",\"valueRequired\":true,\"valueName\":\"search_term_string\"}}],\"inLanguage\":\"de\"}]}<\/script>\n<!-- \/ Yoast SEO plugin. -->","yoast_head_json":{"title":"Impressum - Deine Wohnfabrik","robots":{"index":"index","follow":"follow","max-snippet":"max-snippet:-1","max-image-preview":"max-image-preview:large","max-video-preview":"max-video-preview:-1"},"canonical":"https:\/\/www.deine-wohnfabrik.de\/?page_id=405","og_locale":"de_DE","og_type":"article","og_title":"Impressum - Deine Wohnfabrik","og_description":"Impressum &nbsp; Showroom &amp; Verkauf nur hier:Deine WOHNFABRIKSch\u00fctzenstr. 396279 Weidhausen &nbsp; Betrieben von:Singuway GmbHRothgasse 3096242 Sonnefeld Tel: 09562\/3818646Mail: info@deine-wohnfabrik.de \u00d6ffnungszeiten:Montag: geschlossenDienstag-Freitag: 10.00-18:30 UhrSamstag: 9:30 - 16.00 UhrSonntag: geschlossen USt-ID: DE357507414AG Coburg: HRB 6997Gerichtsstand: 96450 CoburgGesch\u00e4ftsf\u00fchrer: Andreas Marr &nbsp; \u00a0Die Europ\u00e4ische Kommission stellt eine Plattform zur Online-Streitbeilegung (OS) bereit. Die Plattform finden Sie unter\u00a0http:\/\/ec.europa.eu\/consumers\/odr\/ &nbsp; &nbsp; [&hellip;]","og_url":"https:\/\/www.deine-wohnfabrik.de\/?page_id=405","og_site_name":"Deine Wohnfabrik","article_modified_time":"2025-05-05T08:20:27+00:00","twitter_card":"summary_large_image","twitter_misc":{"Gesch\u00e4tzte Lesezeit":"5\u00a0Minuten"},"schema":{"@context":"https:\/\/schema.org","@graph":[{"@type":"WebPage","@id":"https:\/\/www.deine-wohnfabrik.de\/?page_id=405","url":"https:\/\/www.deine-wohnfabrik.de\/?page_id=405","name":"Impressum - Deine Wohnfabrik","isPartOf":{"@id":"https:\/\/www.deine-wohnfabrik.de\/#website"},"datePublished":"2024-08-21T11:10:00+00:00","dateModified":"2025-05-05T08:20:27+00:00","breadcrumb":{"@id":"https:\/\/www.deine-wohnfabrik.de\/?page_id=405#breadcrumb"},"inLanguage":"de","potentialAction":[{"@type":"ReadAction","target":["https:\/\/www.deine-wohnfabrik.de\/?page_id=405"]}]},{"@type":"BreadcrumbList","@id":"https:\/\/www.deine-wohnfabrik.de\/?page_id=405#breadcrumb","itemListElement":[{"@type":"ListItem","position":1,"name":"Startseite","item":"https:\/\/www.deine-wohnfabrik.de\/"},{"@type":"ListItem","position":2,"name":"Impressum"}]},{"@type":"WebSite","@id":"https:\/\/www.deine-wohnfabrik.de\/#website","url":"https:\/\/www.deine-wohnfabrik.de\/","name":"Deine Wohnfabrik","description":"","potentialAction":[{"@type":"SearchAction","target":{"@type":"EntryPoint","urlTemplate":"https:\/\/www.deine-wohnfabrik.de\/?s={search_term_string}"},"query-input":{"@type":"PropertyValueSpecification","valueRequired":true,"valueName":"search_term_string"}}],"inLanguage":"de"}]}},"_links":{"self":[{"href":"https:\/\/www.deine-wohnfabrik.de\/index.php?rest_route=\/wp\/v2\/pages\/405","targetHints":{"allow":["GET"]}}],"collection":[{"href":"https:\/\/www.deine-wohnfabrik.de\/index.php?rest_route=\/wp\/v2\/pages"}],"about":[{"href":"https:\/\/www.deine-wohnfabrik.de\/index.php?rest_route=\/wp\/v2\/types\/page"}],"author":[{"embeddable":true,"href":"https:\/\/www.deine-wohnfabrik.de\/index.php?rest_route=\/wp\/v2\/users\/1"}],"replies":[{"embeddable":true,"href":"https:\/\/www.deine-wohnfabrik.de\/index.php?rest_route=%2Fwp%2Fv2%2Fcomments&post=405"}],"version-history":[{"count":16,"href":"https:\/\/www.deine-wohnfabrik.de\/index.php?rest_route=\/wp\/v2\/pages\/405\/revisions"}],"predecessor-version":[{"id":827,"href":"https:\/\/www.deine-wohnfabrik.de\/index.php?rest_route=\/wp\/v2\/pages\/405\/revisions\/827"}],"wp:attachment":[{"href":"https:\/\/www.deine-wohnfabrik.de\/index.php?rest_route=%2Fwp%2Fv2%2Fmedia&parent=405"}],"curies":[{"name":"wp","href":"https:\/\/api.w.org\/{rel}","templated":true}]}}