{"id":832,"date":"2025-05-09T09:26:51","date_gmt":"2025-05-09T09:26:51","guid":{"rendered":"https:\/\/www.deine-wohnfabrik.de\/?page_id=832"},"modified":"2025-05-21T09:31:59","modified_gmt":"2025-05-21T09:31:59","slug":"stellenangebot-moebelverkaeufer-m-w-d","status":"publish","type":"page","link":"https:\/\/www.deine-wohnfabrik.de\/?page_id=832","title":{"rendered":"Stellenangebot M\u00f6belverk\u00e4ufer (m\/w\/d)"},"content":{"rendered":"<p>[et_pb_section fb_built=&#8220;1&#8243; _builder_version=&#8220;4.27.4&#8243; _module_preset=&#8220;default&#8220; background_color=&#8220;RGBA(255,255,255,0)&#8220; max_width=&#8220;90%&#8220; max_width_tablet=&#8220;100%&#8220; max_width_phone=&#8220;100%&#8220; max_width_last_edited=&#8220;on|tablet&#8220; module_alignment=&#8220;center&#8220; custom_padding=&#8220;0px||0px|||&#8220; global_colors_info=&#8220;{}&#8220;][et_pb_row column_structure=&#8220;2_5,3_5&#8243; use_custom_gutter=&#8220;on&#8220; gutter_width=&#8220;1&#8243; make_equal=&#8220;on&#8220; disabled_on=&#8220;off|off|off&#8220; _builder_version=&#8220;4.27.4&#8243; _module_preset=&#8220;default&#8220; background_color=&#8220;RGBA(255,255,255,0)&#8220; width=&#8220;100%&#8220; max_width=&#8220;100%&#8220; max_width_tablet=&#8220;100%&#8220; max_width_phone=&#8220;100%&#8220; max_width_last_edited=&#8220;on|tablet&#8220; module_alignment=&#8220;center&#8220; custom_margin=&#8220;||||false|false&#8220; custom_padding=&#8220;0px||0px||false|false&#8220; global_colors_info=&#8220;{}&#8220;][et_pb_column type=&#8220;2_5&#8243; _builder_version=&#8220;4.27.4&#8243; _module_preset=&#8220;default&#8220; background_color=&#8220;RGBA(255,255,255,0)&#8220; background_image=&#8220;https:\/\/www.deine-wohnfabrik.de\/wp-content\/uploads\/2024\/11\/IMG_5256_header.jpg&#8220; global_colors_info=&#8220;{}&#8220;][et_pb_divider show_divider=&#8220;off&#8220; _builder_version=&#8220;4.27.4&#8243; _module_preset=&#8220;default&#8220; height_tablet=&#8220;30vh&#8220; height_phone=&#8220;30vh&#8220; height_last_edited=&#8220;on|phone&#8220; global_colors_info=&#8220;{}&#8220;][\/et_pb_divider][\/et_pb_column][et_pb_column type=&#8220;3_5&#8243; disabled_on=&#8220;off|off|off&#8220; _builder_version=&#8220;4.27.4&#8243; _module_preset=&#8220;default&#8220; background_color=&#8220;RGBA(255,255,255,0)&#8220; background_image=&#8220;https:\/\/www.deine-wohnfabrik.de\/wp-content\/uploads\/2025\/05\/tab_wohnfabrik_andreas-marr__250227_DSCF5982.jpg&#8220; custom_padding=&#8220;||||true|false&#8220; global_colors_info=&#8220;{}&#8220;][et_pb_divider show_divider=&#8220;off&#8220; _builder_version=&#8220;4.27.4&#8243; _module_preset=&#8220;default&#8220; height=&#8220;60vh&#8220; height_tablet=&#8220;30vh&#8220; height_phone=&#8220;30vh&#8220; height_last_edited=&#8220;on|tablet&#8220; global_colors_info=&#8220;{}&#8220;][\/et_pb_divider][\/et_pb_column][\/et_pb_row][et_pb_row use_custom_gutter=&#8220;on&#8220; gutter_width=&#8220;1&#8243; custom_padding_last_edited=&#8220;on|tablet&#8220; _builder_version=&#8220;4.27.4&#8243; _module_preset=&#8220;default&#8220; background_color=&#8220;RGBA(255,255,255,0)&#8220; z_index=&#8220;500&#8243; width=&#8220;100%&#8220; max_width=&#8220;70%&#8220; max_width_tablet=&#8220;100%&#8220; max_width_phone=&#8220;100%&#8220; max_width_last_edited=&#8220;on|tablet&#8220; module_alignment=&#8220;center&#8220; custom_margin=&#8220;-7%|auto||auto|false|false&#8220; custom_margin_tablet=&#8220;|auto||auto|false|false&#8220; custom_margin_phone=&#8220;|auto||auto|false|false&#8220; custom_margin_last_edited=&#8220;on|tablet&#8220; custom_padding=&#8220;7px|||0px|false|false&#8220; custom_padding_tablet=&#8220;0px||||false|false&#8220; custom_padding_phone=&#8220;0px||||false|false&#8220; border_radii=&#8220;off||||&#8220; saved_tabs=&#8220;all&#8220; locked=&#8220;off&#8220; global_colors_info=&#8220;{%22gcid-fa4b0c46-6af8-44e8-811c-dad9b4223f9e%22:%91%22background_color_gradient_stops%22,%22background_color%22%93,%22gcid-9a711c16-0f86-40d8-8ff3-1663140912bd%22:%91%22background_color_gradient_stops%22%93}&#8220;][et_pb_column type=&#8220;4_4&#8243; _builder_version=&#8220;4.27.4&#8243; _module_preset=&#8220;default&#8220; background_color=&#8220;gcid-primary-color&#8220; custom_padding=&#8220;3%|3%|3%|3%|true|true&#8220; custom_padding_tablet=&#8220;5%|5%|5%|5%|true|true&#8220; custom_padding_phone=&#8220;7%|7%|7%|7%|true|true&#8220; custom_padding_last_edited=&#8220;on|tablet&#8220; border_radii=&#8220;off||||&#8220; global_colors_info=&#8220;{%22gcid-fa4b0c46-6af8-44e8-811c-dad9b4223f9e%22:%91%22background_color_gradient_stops%22%93,%22gcid-9a711c16-0f86-40d8-8ff3-1663140912bd%22:%91%22background_color_gradient_stops%22%93,%22gcid-primary-color%22:%91%22background_color%22%93}&#8220;][et_pb_text _builder_version=&#8220;4.27.4&#8243; _module_preset=&#8220;default&#8220; header_2_font=&#8220;||||||||&#8220; header_2_text_color=&#8220;#FFFFFF&#8220; header_6_text_color=&#8220;#FFFFFF&#8220; header_6_font_size=&#8220;30px&#8220; custom_padding=&#8220;||2px|||&#8220; global_colors_info=&#8220;{}&#8220;]<\/p>\n<h6>Wir suchen dich<\/h6>\n<p>[\/et_pb_text][et_pb_text _builder_version=&#8220;4.27.4&#8243; _module_preset=&#8220;default&#8220; header_2_font=&#8220;||||||||&#8220; header_2_text_color=&#8220;#FFFFFF&#8220; header_2_font_size=&#8220;6rem&#8220; custom_padding=&#8220;||2px|||&#8220; global_colors_info=&#8220;{}&#8220;]<\/p>\n<h2>M\u00f6belverk\u00e4ufer (m\/w\/d)<\/h2>\n<p>[\/et_pb_text][et_pb_text _builder_version=&#8220;4.27.4&#8243; _module_preset=&#8220;default&#8220; text_text_color=&#8220;#FFFFFF&#8220; text_font_size=&#8220;19px&#8220; max_width=&#8220;90%&#8220; custom_margin=&#8220;||26px||false|false&#8220; custom_padding=&#8220;0px||||false|false&#8220; global_colors_info=&#8220;{}&#8220;]<\/p>\n<p>Wir sind <strong>Deine WOHNFABRIK<\/strong>.<br \/>Wir sind alles au\u00dfer ein gew\u00f6hnliches M\u00f6belhaus.<\/p>\n<p>Die Lage in Weidhausen bei Coburg ist genauso ungew\u00f6hnlich wie das Geb\u00e4ude selbst. Umso gr\u00f6\u00dfer ist die \u00dcberraschung, wenn man im 3ten Stock des Firmengeb\u00e4udes eine Ausstellung f\u00fcr M\u00f6bel und Dekoartikel findet, die mit 2.500 qm deutlich gr\u00f6\u00dfer als erwartet ist, und zudem auch noch M\u00f6bel oder Dekoartikel, genauso wie Haushaltswaren bietet, die Du woanders lange suchen musst, wenn Du diese denn \u00fcberhaupt woanders findest.<\/p>\n<p>Und gerade weil wir seit dem 14.11.2024, seit dem Tag an dem wir er\u00f6ffnet haben, so gro\u00dfen Zuspruch bekommen und jede Altersklasse begeistern k\u00f6nnen, brauchen wir Verst\u00e4rkung.<\/p>\n<p>[\/et_pb_text][et_pb_button button_url=&#8220;mailto:info@deine-wohnfabrik.de&#8220; button_text=&#8220;Jetzt Bewerben!&#8220; button_alignment=&#8220;left&#8220; disabled_on=&#8220;off|off|off&#8220; _builder_version=&#8220;4.27.4&#8243; _dynamic_attributes=&#8220;button_url&#8220; _module_preset=&#8220;default&#8220; custom_button=&#8220;on&#8220; button_text_size=&#8220;18px&#8220; button_bg_color=&#8220;#11bae5&#8243; button_border_width=&#8220;0px&#8220; button_border_radius=&#8220;0px&#8220; button_letter_spacing=&#8220;0px&#8220; button_font=&#8220;|600||on|||||&#8220; button_use_icon=&#8220;off&#8220; background_layout=&#8220;dark&#8220; custom_padding=&#8220;15px|25px|15px|25px|true|true&#8220; custom_css_free_form=&#8220;||&#8220; global_colors_info=&#8220;{%22gcid-fa4b0c46-6af8-44e8-811c-dad9b4223f9e%22:%91%22button_bg_color_gradient_stops%22%93}&#8220; button_bg_color__hover_enabled=&#8220;on|hover&#8220; button_bg_use_color_gradient__hover=&#8220;off&#8220; button_bg_color__hover=&#8220;#FFFFFF&#8220; button_bg_enable_color__hover=&#8220;on&#8220; button_text_color__hover_enabled=&#8220;on|hover&#8220; button_text_color__hover=&#8220;#11bae5&#8243; button_border_radius__hover_enabled=&#8220;on|hover&#8220; button_border_radius__hover=&#8220;80px&#8220;][\/et_pb_button][\/et_pb_column][\/et_pb_row][\/et_pb_section][et_pb_section fb_built=&#8220;1&#8243; _builder_version=&#8220;4.27.4&#8243; _module_preset=&#8220;default&#8220; background_color=&#8220;RGBA(255,255,255,0)&#8220; width=&#8220;100%&#8220; max_width=&#8220;90%&#8220; max_width_tablet=&#8220;100%&#8220; max_width_phone=&#8220;100%&#8220; max_width_last_edited=&#8220;on|tablet&#8220; module_alignment=&#8220;center&#8220; global_colors_info=&#8220;{}&#8220;][et_pb_row column_structure=&#8220;1_2,1_2&#8243; make_equal=&#8220;on&#8220; _builder_version=&#8220;4.27.4&#8243; _module_preset=&#8220;default&#8220; width=&#8220;100%&#8220; max_width=&#8220;70%&#8220; max_width_tablet=&#8220;90%&#8220; max_width_phone=&#8220;90%&#8220; max_width_last_edited=&#8220;on|tablet&#8220; module_alignment=&#8220;center&#8220; custom_padding=&#8220;1px|||||&#8220; global_colors_info=&#8220;{}&#8220;][et_pb_column type=&#8220;1_2&#8243; _builder_version=&#8220;4.27.4&#8243; _module_preset=&#8220;default&#8220; global_colors_info=&#8220;{}&#8220;][et_pb_text _builder_version=&#8220;4.27.4&#8243; _module_preset=&#8220;default&#8220; text_text_color=&#8220;#FFFFFF&#8220; text_font_size=&#8220;1.1rem&#8220; header_text_color=&#8220;#000000&#8243; header_font_size=&#8220;50px&#8220; header_2_text_color=&#8220;#FFFFFF&#8220; header_2_line_height=&#8220;1.1em&#8220; custom_margin=&#8220;||||false|false&#8220; custom_padding=&#8220;0px||||false|false&#8220; global_colors_info=&#8220;{}&#8220;]<\/p>\n<h2>Was musst Du mitbringen?<\/h2>\n<p>Du solltest den Kontakt zu Kunden lieben, denn diese sind auch bei uns die K\u00f6niginnen und K\u00f6nige.<br \/>Und au\u00dferdem? Im Winter eine Jacke &#8211; ansonsten suchen wir vom Quereinsteiger bis zum Profi das richtige Teammitglied und freuen uns auf die Bewerbung, die uns einen Einblick auf Deine bisherige Laufbahn gibt.<\/p>\n<p>[\/et_pb_text][\/et_pb_column][et_pb_column type=&#8220;1_2&#8243; _builder_version=&#8220;4.27.4&#8243; _module_preset=&#8220;default&#8220; global_colors_info=&#8220;{}&#8220;][et_pb_text _builder_version=&#8220;4.27.4&#8243; _module_preset=&#8220;default&#8220; text_text_color=&#8220;#FFFFFF&#8220; text_font_size=&#8220;1.1rem&#8220; header_text_color=&#8220;#000000&#8243; header_font_size=&#8220;50px&#8220; header_2_text_color=&#8220;#FFFFFF&#8220; header_2_line_height=&#8220;1.1em&#8220; custom_margin=&#8220;||||false|false&#8220; custom_padding=&#8220;0px||||false|false&#8220; global_colors_info=&#8220;{}&#8220;]<\/p>\n<h2><strong>Was sind Deine Aufgaben?<br \/><\/strong><\/h2>\n<p><span>Du wirst Kunden beraten rund um das Thema M\u00f6bel und Einrichtung (alles au\u00dfer K\u00fcche und Schlafzimmer). Kassieren geh\u00f6rt genauso zu den Aufgaben, wie alles andere was t\u00e4glich an Kleinaufgaben anf\u00e4llt.<\/span><\/p>\n<p>[\/et_pb_text][\/et_pb_column][\/et_pb_row][et_pb_row column_structure=&#8220;1_2,1_2&#8243; make_equal=&#8220;on&#8220; _builder_version=&#8220;4.27.4&#8243; _module_preset=&#8220;default&#8220; width=&#8220;100%&#8220; max_width=&#8220;70%&#8220; max_width_tablet=&#8220;90%&#8220; max_width_phone=&#8220;90%&#8220; max_width_last_edited=&#8220;on|tablet&#8220; module_alignment=&#8220;center&#8220; custom_margin=&#8220;|auto|60px|auto||&#8220; custom_padding=&#8220;1px|||||&#8220; global_colors_info=&#8220;{}&#8220;][et_pb_column type=&#8220;1_2&#8243; _builder_version=&#8220;4.27.4&#8243; _module_preset=&#8220;default&#8220; global_colors_info=&#8220;{}&#8220;][et_pb_text _builder_version=&#8220;4.27.4&#8243; _module_preset=&#8220;default&#8220; text_text_color=&#8220;#FFFFFF&#8220; text_font_size=&#8220;1.1rem&#8220; header_text_color=&#8220;#000000&#8243; header_font_size=&#8220;50px&#8220; header_2_text_color=&#8220;#FFFFFF&#8220; header_2_line_height=&#8220;1.1em&#8220; custom_margin=&#8220;||||false|false&#8220; custom_padding=&#8220;0px||||false|false&#8220; global_colors_info=&#8220;{}&#8220;]<\/p>\n<h2><strong>Wie ist die Arbeitszeit?<\/strong><\/h2>\n<p><span>Da wir aktuell die Stelle erstmal in Teilzeit ausschreiben, sind wir hier flexibel. Jedoch ist es wichtig zu wissen, das auch Samstags M\u00f6bel gesucht werden und so, speziell in den Wintermonaten, auch Samstag im Wechsel immer einmal von 10-16 Uhr die Schichteinteilung passieren kann.<\/span><br \/><span>Ansonsten alles andere gerne vorab in einem Telefonat oder bei dem pers\u00f6nlichen Kennenlernen vor Ort.<\/span><\/p>\n<p>[\/et_pb_text][\/et_pb_column][et_pb_column type=&#8220;1_2&#8243; _builder_version=&#8220;4.27.4&#8243; _module_preset=&#8220;default&#8220; global_colors_info=&#8220;{}&#8220;][et_pb_text _builder_version=&#8220;4.27.4&#8243; _module_preset=&#8220;default&#8220; text_text_color=&#8220;#FFFFFF&#8220; text_font_size=&#8220;1.1rem&#8220; header_text_color=&#8220;#000000&#8243; header_font_size=&#8220;50px&#8220; header_2_text_color=&#8220;#FFFFFF&#8220; header_2_line_height=&#8220;1.1em&#8220; custom_margin=&#8220;||||false|false&#8220; custom_padding=&#8220;0px||||false|false&#8220; global_colors_info=&#8220;{}&#8220;]<\/p>\n<h2><strong>Was bieten wir?<br \/><\/strong><\/h2>\n<p><span>F\u00fcr den M\u00f6belhandel eine sehr gute Bezahlung. Zudem erh\u00e4ltst Du Mitarbeiterrabatte. Der Kaffee wie nat\u00fcrlich auch der Parkplatz sind kostenlos.<br \/>Die M\u00f6glichkeit des Aufstiegs ist gegeben, denn wir sind nicht nur &#8222;Deine WOHNFABRIK&#8220;, sondern Teil einer Unternehmensgruppe rund um das Thema M\u00f6bel.<br \/><\/span><\/p>\n<p>[\/et_pb_text][\/et_pb_column][\/et_pb_row][et_pb_row make_equal=&#8220;on&#8220; _builder_version=&#8220;4.27.4&#8243; _module_preset=&#8220;default&#8220; width=&#8220;100%&#8220; max_width=&#8220;70%&#8220; max_width_tablet=&#8220;90%&#8220; max_width_phone=&#8220;90%&#8220; max_width_last_edited=&#8220;on|tablet&#8220; module_alignment=&#8220;center&#8220; custom_padding=&#8220;1px|||||&#8220; global_colors_info=&#8220;{}&#8220;][et_pb_column type=&#8220;4_4&#8243; _builder_version=&#8220;4.27.4&#8243; _module_preset=&#8220;default&#8220; global_colors_info=&#8220;{}&#8220;][et_pb_text _builder_version=&#8220;4.27.4&#8243; _module_preset=&#8220;default&#8220; text_text_color=&#8220;#FFFFFF&#8220; text_font_size=&#8220;1.1rem&#8220; header_text_color=&#8220;#000000&#8243; header_font_size=&#8220;50px&#8220; header_2_text_color=&#8220;#FFFFFF&#8220; header_2_line_height=&#8220;1.1em&#8220; custom_margin=&#8220;||24px||false|false&#8220; custom_padding=&#8220;0px||||false|false&#8220; global_colors_info=&#8220;{}&#8220;]<\/p>\n<h2><strong>Das klingt nach einem tollen Job?<\/strong><\/h2>\n<p><span>Wenn Du Dich angesprochen f\u00fchlst, dann freuen wir uns auf Deine aussagekr\u00e4ftige Bewerbung !<\/span><\/p>\n<p>[\/et_pb_text][et_pb_button button_url=&#8220;mailto:info@deine-wohnfabrik.de&#8220; button_text=&#8220;Jetzt Bewerben!&#8220; button_alignment=&#8220;left&#8220; disabled_on=&#8220;off|off|off&#8220; _builder_version=&#8220;4.27.4&#8243; _dynamic_attributes=&#8220;button_url&#8220; _module_preset=&#8220;default&#8220; custom_button=&#8220;on&#8220; button_text_size=&#8220;18px&#8220; button_bg_color=&#8220;#11bae5&#8243; button_border_width=&#8220;0px&#8220; button_border_radius=&#8220;0px&#8220; button_letter_spacing=&#8220;0px&#8220; button_font=&#8220;|600||on|||||&#8220; button_use_icon=&#8220;off&#8220; background_layout=&#8220;dark&#8220; custom_padding=&#8220;15px|25px|15px|25px|true|true&#8220; custom_css_free_form=&#8220;||&#8220; global_colors_info=&#8220;{%22gcid-fa4b0c46-6af8-44e8-811c-dad9b4223f9e%22:%91%22button_bg_color_gradient_stops%22%93}&#8220; button_bg_color__hover_enabled=&#8220;on|hover&#8220; button_bg_use_color_gradient__hover=&#8220;off&#8220; button_bg_color__hover=&#8220;#FFFFFF&#8220; button_bg_enable_color__hover=&#8220;on&#8220; button_text_color__hover_enabled=&#8220;on|hover&#8220; button_text_color__hover=&#8220;#11bae5&#8243; button_border_radius__hover_enabled=&#8220;on|hover&#8220; button_border_radius__hover=&#8220;80px&#8220;][\/et_pb_button][et_pb_image src=&#8220;https:\/\/www.deine-wohnfabrik.de\/wp-content\/uploads\/2025\/05\/gZC35Wg4MG_oSvykbmlwf6EIi2RV4UOweyAMJuMW9h4cpJoY5fvSXoUZhFYuG3MoVzwAEAyK_JO4nxqczs-dWaA-scaled.webp&#8220; title_text=&#8220;gZC35Wg4MG_oSvykbmlwf6EIi2RV4UOweyAMJuMW9h4cpJoY5fvSXoUZhFYuG3MoVzwAEAyK_JO4nxqczs-dWaA&#8220; _builder_version=&#8220;4.27.4&#8243; _module_preset=&#8220;default&#8220; global_colors_info=&#8220;{}&#8220;][\/et_pb_image][\/et_pb_column][\/et_pb_row][\/et_pb_section]<\/p>\n","protected":false},"excerpt":{"rendered":"<p>Wir suchen dichM\u00f6belverk\u00e4ufer (m\/w\/d)Wir sind Deine WOHNFABRIK.Wir sind alles au\u00dfer ein gew\u00f6hnliches M\u00f6belhaus. Die Lage in Weidhausen bei Coburg ist genauso ungew\u00f6hnlich wie das Geb\u00e4ude selbst. Umso gr\u00f6\u00dfer ist die \u00dcberraschung, wenn man im 3ten Stock des Firmengeb\u00e4udes eine Ausstellung f\u00fcr M\u00f6bel und Dekoartikel findet, die mit 2.500 qm deutlich gr\u00f6\u00dfer als erwartet ist, und [&hellip;]<\/p>\n","protected":false},"author":1,"featured_media":0,"parent":0,"menu_order":0,"comment_status":"closed","ping_status":"closed","template":"","meta":{"_et_pb_use_builder":"on","_et_pb_old_content":"","_et_gb_content_width":"","footnotes":""},"class_list":["post-832","page","type-page","status-publish","hentry"],"yoast_head":"<!-- This site is optimized with the Yoast SEO plugin v26.9 - https:\/\/yoast.com\/product\/yoast-seo-wordpress\/ -->\n<title>Stellenangebot M\u00f6belverk\u00e4ufer (m\/w\/d) - Deine Wohnfabrik<\/title>\n<meta name=\"robots\" content=\"index, follow, max-snippet:-1, max-image-preview:large, max-video-preview:-1\" \/>\n<link rel=\"canonical\" href=\"https:\/\/www.deine-wohnfabrik.de\/?page_id=832\" \/>\n<meta property=\"og:locale\" content=\"de_DE\" \/>\n<meta property=\"og:type\" content=\"article\" \/>\n<meta property=\"og:title\" content=\"Stellenangebot M\u00f6belverk\u00e4ufer (m\/w\/d) - Deine Wohnfabrik\" \/>\n<meta property=\"og:description\" content=\"Wir suchen dichM\u00f6belverk\u00e4ufer (m\/w\/d)Wir sind Deine WOHNFABRIK.Wir sind alles au\u00dfer ein gew\u00f6hnliches M\u00f6belhaus. Die Lage in Weidhausen bei Coburg ist genauso ungew\u00f6hnlich wie das Geb\u00e4ude selbst. Umso gr\u00f6\u00dfer ist die \u00dcberraschung, wenn man im 3ten Stock des Firmengeb\u00e4udes eine Ausstellung f\u00fcr M\u00f6bel und Dekoartikel findet, die mit 2.500 qm deutlich gr\u00f6\u00dfer als erwartet ist, und [&hellip;]\" \/>\n<meta property=\"og:url\" content=\"https:\/\/www.deine-wohnfabrik.de\/?page_id=832\" \/>\n<meta property=\"og:site_name\" content=\"Deine Wohnfabrik\" \/>\n<meta property=\"article:modified_time\" content=\"2025-05-21T09:31:59+00:00\" \/>\n<meta name=\"twitter:card\" content=\"summary_large_image\" \/>\n<script type=\"application\/ld+json\" class=\"yoast-schema-graph\">{\"@context\":\"https:\/\/schema.org\",\"@graph\":[{\"@type\":\"WebPage\",\"@id\":\"https:\/\/www.deine-wohnfabrik.de\/?page_id=832\",\"url\":\"https:\/\/www.deine-wohnfabrik.de\/?page_id=832\",\"name\":\"Stellenangebot M\u00f6belverk\u00e4ufer (m\/w\/d) - Deine Wohnfabrik\",\"isPartOf\":{\"@id\":\"https:\/\/www.deine-wohnfabrik.de\/#website\"},\"datePublished\":\"2025-05-09T09:26:51+00:00\",\"dateModified\":\"2025-05-21T09:31:59+00:00\",\"breadcrumb\":{\"@id\":\"https:\/\/www.deine-wohnfabrik.de\/?page_id=832#breadcrumb\"},\"inLanguage\":\"de\",\"potentialAction\":[{\"@type\":\"ReadAction\",\"target\":[\"https:\/\/www.deine-wohnfabrik.de\/?page_id=832\"]}]},{\"@type\":\"BreadcrumbList\",\"@id\":\"https:\/\/www.deine-wohnfabrik.de\/?page_id=832#breadcrumb\",\"itemListElement\":[{\"@type\":\"ListItem\",\"position\":1,\"name\":\"Startseite\",\"item\":\"https:\/\/www.deine-wohnfabrik.de\/\"},{\"@type\":\"ListItem\",\"position\":2,\"name\":\"Stellenangebot M\u00f6belverk\u00e4ufer (m\/w\/d)\"}]},{\"@type\":\"WebSite\",\"@id\":\"https:\/\/www.deine-wohnfabrik.de\/#website\",\"url\":\"https:\/\/www.deine-wohnfabrik.de\/\",\"name\":\"Deine Wohnfabrik\",\"description\":\"\",\"potentialAction\":[{\"@type\":\"SearchAction\",\"target\":{\"@type\":\"EntryPoint\",\"urlTemplate\":\"https:\/\/www.deine-wohnfabrik.de\/?s={search_term_string}\"},\"query-input\":{\"@type\":\"PropertyValueSpecification\",\"valueRequired\":true,\"valueName\":\"search_term_string\"}}],\"inLanguage\":\"de\"}]}<\/script>\n<!-- \/ Yoast SEO plugin. -->","yoast_head_json":{"title":"Stellenangebot M\u00f6belverk\u00e4ufer (m\/w\/d) - Deine Wohnfabrik","robots":{"index":"index","follow":"follow","max-snippet":"max-snippet:-1","max-image-preview":"max-image-preview:large","max-video-preview":"max-video-preview:-1"},"canonical":"https:\/\/www.deine-wohnfabrik.de\/?page_id=832","og_locale":"de_DE","og_type":"article","og_title":"Stellenangebot M\u00f6belverk\u00e4ufer (m\/w\/d) - Deine Wohnfabrik","og_description":"Wir suchen dichM\u00f6belverk\u00e4ufer (m\/w\/d)Wir sind Deine WOHNFABRIK.Wir sind alles au\u00dfer ein gew\u00f6hnliches M\u00f6belhaus. Die Lage in Weidhausen bei Coburg ist genauso ungew\u00f6hnlich wie das Geb\u00e4ude selbst. Umso gr\u00f6\u00dfer ist die \u00dcberraschung, wenn man im 3ten Stock des Firmengeb\u00e4udes eine Ausstellung f\u00fcr M\u00f6bel und Dekoartikel findet, die mit 2.500 qm deutlich gr\u00f6\u00dfer als erwartet ist, und [&hellip;]","og_url":"https:\/\/www.deine-wohnfabrik.de\/?page_id=832","og_site_name":"Deine Wohnfabrik","article_modified_time":"2025-05-21T09:31:59+00:00","twitter_card":"summary_large_image","schema":{"@context":"https:\/\/schema.org","@graph":[{"@type":"WebPage","@id":"https:\/\/www.deine-wohnfabrik.de\/?page_id=832","url":"https:\/\/www.deine-wohnfabrik.de\/?page_id=832","name":"Stellenangebot M\u00f6belverk\u00e4ufer (m\/w\/d) - Deine Wohnfabrik","isPartOf":{"@id":"https:\/\/www.deine-wohnfabrik.de\/#website"},"datePublished":"2025-05-09T09:26:51+00:00","dateModified":"2025-05-21T09:31:59+00:00","breadcrumb":{"@id":"https:\/\/www.deine-wohnfabrik.de\/?page_id=832#breadcrumb"},"inLanguage":"de","potentialAction":[{"@type":"ReadAction","target":["https:\/\/www.deine-wohnfabrik.de\/?page_id=832"]}]},{"@type":"BreadcrumbList","@id":"https:\/\/www.deine-wohnfabrik.de\/?page_id=832#breadcrumb","itemListElement":[{"@type":"ListItem","position":1,"name":"Startseite","item":"https:\/\/www.deine-wohnfabrik.de\/"},{"@type":"ListItem","position":2,"name":"Stellenangebot M\u00f6belverk\u00e4ufer (m\/w\/d)"}]},{"@type":"WebSite","@id":"https:\/\/www.deine-wohnfabrik.de\/#website","url":"https:\/\/www.deine-wohnfabrik.de\/","name":"Deine Wohnfabrik","description":"","potentialAction":[{"@type":"SearchAction","target":{"@type":"EntryPoint","urlTemplate":"https:\/\/www.deine-wohnfabrik.de\/?s={search_term_string}"},"query-input":{"@type":"PropertyValueSpecification","valueRequired":true,"valueName":"search_term_string"}}],"inLanguage":"de"}]}},"_links":{"self":[{"href":"https:\/\/www.deine-wohnfabrik.de\/index.php?rest_route=\/wp\/v2\/pages\/832","targetHints":{"allow":["GET"]}}],"collection":[{"href":"https:\/\/www.deine-wohnfabrik.de\/index.php?rest_route=\/wp\/v2\/pages"}],"about":[{"href":"https:\/\/www.deine-wohnfabrik.de\/index.php?rest_route=\/wp\/v2\/types\/page"}],"author":[{"embeddable":true,"href":"https:\/\/www.deine-wohnfabrik.de\/index.php?rest_route=\/wp\/v2\/users\/1"}],"replies":[{"embeddable":true,"href":"https:\/\/www.deine-wohnfabrik.de\/index.php?rest_route=%2Fwp%2Fv2%2Fcomments&post=832"}],"version-history":[{"count":18,"href":"https:\/\/www.deine-wohnfabrik.de\/index.php?rest_route=\/wp\/v2\/pages\/832\/revisions"}],"predecessor-version":[{"id":939,"href":"https:\/\/www.deine-wohnfabrik.de\/index.php?rest_route=\/wp\/v2\/pages\/832\/revisions\/939"}],"wp:attachment":[{"href":"https:\/\/www.deine-wohnfabrik.de\/index.php?rest_route=%2Fwp%2Fv2%2Fmedia&parent=832"}],"curies":[{"name":"wp","href":"https:\/\/api.w.org\/{rel}","templated":true}]}}